{"id":16782,"date":"2023-07-23T13:53:21","date_gmt":"2023-07-23T12:53:21","guid":{"rendered":"https:\/\/bestdorestates.com\/politica-de-privacidad\/"},"modified":"2024-10-16T20:00:52","modified_gmt":"2024-10-16T19:00:52","slug":"politica-de-privacidad","status":"publish","type":"page","link":"https:\/\/bestdorestates.com\/es\/politica-de-privacidad\/","title":{"rendered":"Pol\u00edtica de privacidad"},"content":{"rendered":"\t\t<div data-elementor-type=\"wp-page\" data-elementor-id=\"16782\" class=\"elementor elementor-16782 elementor-1868\">\n\t\t\t\t\t\t<section class=\"elementor-section elementor-top-section elementor-element elementor-element-4991378 elementor-section-boxed elementor-section-height-default elementor-section-height-default\" data-id=\"4991378\" data-element_type=\"section\">\n\t\t\t\t\t\t<div class=\"elementor-container elementor-column-gap-default\">\n\t\t\t\t\t<div class=\"elementor-column elementor-col-100 elementor-top-column elementor-element elementor-element-661bee1\" data-id=\"661bee1\" data-element_type=\"column\">\n\t\t\t<div class=\"elementor-widget-wrap\">\n\t\t\t\t\t\t\t<\/div>\n\t\t<\/div>\n\t\t\t\t\t<\/div>\n\t\t<\/section>\n\t\t\t\t<section class=\"elementor-section elementor-top-section elementor-element elementor-element-d8e26d3 elementor-section-boxed elementor-section-height-default elementor-section-height-default\" data-id=\"d8e26d3\" data-element_type=\"section\">\n\t\t\t\t\t\t<div class=\"elementor-container elementor-column-gap-default\">\n\t\t\t\t\t<div class=\"elementor-column elementor-col-100 elementor-top-column elementor-element elementor-element-3781f1b\" data-id=\"3781f1b\" data-element_type=\"column\">\n\t\t\t<div class=\"elementor-widget-wrap elementor-element-populated\">\n\t\t\t\t\t\t<div class=\"elementor-element elementor-element-4089b5b elementor-widget elementor-widget-text-editor\" data-id=\"4089b5b\" data-element_type=\"widget\" data-widget_type=\"text-editor.default\">\n\t\t\t\t<div class=\"elementor-widget-container\">\n\t\t\t\t\t\t\t\t\t<h3>Pol\u00edtica de privacidad<\/h3>\n<p><strong>&nbsp;<\/strong><\/p>\n<section id=\"main\" class=\"main section\">\n<div class=\"container\">\n<div class=\"row\">\n<div class=\"col-md-12\">\n<div id=\"content\" class=\"column\">\n<div class=\"section\">\n<div class=\"region region-content\">\n<div id=\"block-system-main\" class=\"block block-system\">\n<div class=\"content\">\n<article id=\"node-1985\" class=\"node node-page clearfix\">\n<div class=\"content\">\n<div class=\"field field-name-body field-type-text-with-summary field-label-hidden\">\n<div class=\"field-items\">\n<div class=\"field-item even\">\n<p>Esta pol\u00edtica de privacidad se aplica a la web www.bestdorestates.com<\/p>\n<p>Por favor, l\u00e9ala detenidamente. En ella encontrar\u00e1 informaci\u00f3n importante sobre el tratamiento de sus datos personales y los derechos que le reconoce la normativa vigente en la materia. &nbsp;<\/p>\n<p>Nos reservamos el derecho de actualizar nuestra pol\u00edtica de privacidad en cualquier momento con motivo de decisiones empresariales, as\u00ed como para cumplir con eventuales cambios legislativos o jurisprudenciales. Si tienes dudas o necesitas cualquier aclaraci\u00f3n respecto a nuestra Pol\u00edtica de privacidad o a tus derechos, puedes ponerte en contacto con nosotros a trav\u00e9s de los canales que se indican m\u00e1s abajo. <\/p>\n<p>Ud. manifiesta que los datos que nos facilite, ahora o en el futuro, son correctos y veraces y se compromete a comunicarnos cualquier modificaci\u00f3n de los mismos. En caso de proporcionar datos de car\u00e1cter personal de terceros, se compromete a obtener el consentimiento previo de los afectados y a informarles acerca del contenido de esta pol\u00edtica.  <\/p>\n<p>De manera general, los campos de nuestros formularios que son se\u00f1alados como obligatorios, deber\u00e1n necesariamente ser cumplimentados para poder tramitar sus solicitudes.<\/p>\n<ol>\n<li><strong>\u00bfQui\u00e9n es el responsable del tratamiento de sus datos?&nbsp;<\/strong>El responsable del tratamiento de los datos personales recogidos en esta web es:<\/li>\n<\/ol>\n<p>MEJORES FINCAS D&#8217;OR<\/p>\n<p>Direcci\u00f3n postal: Calle Ariel n\u00ba 19, 07660 Cala d&#8217;Or. Santany\u00ed (Illes Balears) <\/p>\n<p>Tel\u00e9fono: +34 34 616 450 381<\/p>\n<p>Correo electr\u00f3nico: bestdorestates@gmail.com<\/p>\n<ol>\n<li value=\"2\"><strong>\u00bfPara qu\u00e9 trataremos sus datos?&nbsp;<\/strong>Los datos de nuestros usuarios ser\u00e1n tratados para la gesti\u00f3n de la relaci\u00f3n con ellos, la atenci\u00f3n a sus solicitudes y consultas, la administraci\u00f3n y la gesti\u00f3n de la seguridad de la web y el cumplimiento de nuestras obligaciones legales. Dichos datos ser\u00e1n igualmente tratados para fines de an\u00e1lisis y de mejora de la calidad de nuestros servicios. Asimismo, trataremos sus datos para el env\u00edo de comunicaciones comerciales.  <\/li>\n<li value=\"3\"><strong>\u00bfCu\u00e1nto tiempo conservaremos sus datos?<\/strong>&nbsp;  De manera general conservamos sus datos durante la vigencia de la relaci\u00f3n que mantiene con nosotros y en todo caso durante los plazos previstos en las disposiciones legales aplicables y durante el tiempo necesario para atender a posibles responsabilidades nacidas del tratamiento. Cancelaremos sus datos cuando hayan dejado de ser necesarios o pertinentes para las finalidades para las que fueron recabados. Se cancelar\u00e1 la informaci\u00f3n relacionada con la navegaci\u00f3n, una vez finalizada la conexi\u00f3n web y realizadas las estad\u00edsticas. Los datos tratados con fines comerciales se conservar\u00e1n vigentes mientras no se solicite su supresi\u00f3n.   &nbsp;<\/li>\n<li value=\"4\"><strong>\u00bfA qui\u00e9n podemos comunicar sus datos?<\/strong>&nbsp;Sus datos s\u00f3lo ser\u00e1n comunicados a terceros por obligaci\u00f3n legal, con su consentimiento o cuando su petici\u00f3n implique tal comunicaci\u00f3n.<\/li>\n<li value=\"5\"><strong>Base jur\u00eddica de los tratamientos.<\/strong>&nbsp;La base jur\u00eddica para el tratamiento de sus datos personales es la gesti\u00f3n de la relaci\u00f3n jur\u00eddica con nuestros usuarios, el cumplimiento de nuestras obligaciones legales, as\u00ed como nuestro inter\u00e9s leg\u00edtimo en gestionar la seguridad y la calidad de la web y promocionar nuestros servicios.<\/li>\n<li value=\"6\"><strong>\u00bfCu\u00e1les son sus derechos?&nbsp;<\/strong>Tiene derecho a obtener confirmaci\u00f3n de si estamos tratando o no sus datos personales y, en tal caso, acceder a los mismos.&nbsp;  Puede igualmente pedir que sus datos sean rectificados cuando sean inexactos o a que se completen los datos que sean incompletos, as\u00ed como solicitar su supresi\u00f3n cuando, entre otros motivos, los datos ya no sean necesarios para los fines para los que fueron recogidos.<\/li>\n<\/ol>\n<p>En determinadas circunstancias, podr\u00e1s solicitar la limitaci\u00f3n del tratamiento de sus datos. En tal caso, s\u00f3lo trataremos los datos afectados para la formulaci\u00f3n, el ejercicio o la defensa de reclamaciones o con miras a la protecci\u00f3n de los derechos de otras personas. En determinadas condiciones y por motivos relacionados con su situaci\u00f3n particular, podr\u00e1 igualmente oponerse al tratamiento de sus datos. En este caso, dejaremos de tratar los datos salvo por motivos leg\u00edtimos imperiosos que prevalezcan sobre sus intereses o derechos y libertades, o para la formulaci\u00f3n, el ejercicio o la defensa de reclamaciones. As\u00ed mismo y bajo ciertas condiciones podr\u00e1 solicitar la portabilidad de sus datos para que sean transmitidos a otro responsable del tratamiento.    <\/p>\n<p>Puede revocar el consentimiento que hubiese prestado para determinadas finalidades, sin que ello afecte a la licitud del tratamiento basado en el consentimiento previo a su retirada, y presentar una reclamaci\u00f3n ante la Agencia Espa\u00f1ola de Protecci\u00f3n de Datos.<\/p>\n<p>Para solicitar tu baja de los tratamientos con fines comerciales puedes enviar un email a la siguiente direcci\u00f3n de correo electr\u00f3nico: bestdorestates@gmail.com<\/p>\n<p>Para ejercer sus derechos deber\u00e1 remitir una solicitud acompa\u00f1ada de una copia de su documento nacional de identidad u otro documento v\u00e1lido que le identifique por correo postal o electr\u00f3nico a las direcciones indicadas en el apartado \u00bfQui\u00e9n es el responsable del tratamiento de sus datos?&nbsp;&nbsp;&nbsp;&nbsp;&nbsp;<\/p>\n<p>Podr\u00e1 obtener m\u00e1s informaci\u00f3n sobre sus derechos y c\u00f3mo ejercerlos en la p\u00e1gina de la Agencia Espa\u00f1ola de Protecci\u00f3n de Datos en http:\/\/www.agpd.es.<\/p>\n<p><\/p>\n<\/div>\n<\/div>\n<\/div>\n<\/div>\n<\/article>\n<\/div>\n<\/div>\n<\/div>\n<\/div>\n<\/div>\n<\/div>\n<\/div>\n<\/div>\n<\/section>\n<section id=\"panel-third\" class=\"section\">\n<div class=\"container\">\n<div class=\"row\">\n<div class=\"panel-column col-lg-4 col-md-4 col-sm-12 col-xs-12 panel-third-1\">\n<div class=\"grid-inner clearfix\">\n<div class=\"region region-panel-third-1\">\n<div id=\"block-bean-who-we-are--2\" class=\"block block-bean animation animated fadeInUp\">&nbsp;<\/div>\n<\/div>\n<\/div>\n<\/div>\n<div class=\"panel-column col-lg-4 col-md-4 col-sm-12 col-xs-12 panel-third-3\">\n<div class=\"grid-inner clearfix\">\n<div class=\"region region-panel-third-3\">\n<div id=\"block-views-horario-block--2\" class=\"block block-views animation animated fadeInUp\">\n<div class=\"content\">\n<div class=\"view view-horario view-id-horario view-display-id-block view-dom-id-e4cc07490109acd59d0672767e967141\">\n<div class=\"view-header\">\n<\/div>\n<\/div>\n<\/div>\n<\/div>\n<\/div>\n<\/div>\n<\/div>\n<\/div>\n<\/div>\n<\/section>\t\t\t\t\t\t\t\t<\/div>\n\t\t\t\t<\/div>\n\t\t\t\t\t<\/div>\n\t\t<\/div>\n\t\t\t\t\t<\/div>\n\t\t<\/section>\n\t\t\t\t<\/div>\n\t\t","protected":false},"excerpt":{"rendered":"<p>Pol\u00edtica de privacidad &nbsp; Esta pol\u00edtica de privacidad se aplica a la web www.bestdorestates.com Por favor, l\u00e9ala detenidamente. En ella encontrar\u00e1 informaci\u00f3n importante sobre el tratamiento de sus datos personales y los derechos que le reconoce la normativa vigente en la materia. &nbsp; Nos reservamos el derecho de actualizar nuestra pol\u00edtica de privacidad en cualquier [&hellip;]<\/p>\n","protected":false},"author":1,"featured_media":0,"parent":0,"menu_order":0,"comment_status":"closed","ping_status":"closed","template":"","meta":{"site-sidebar-layout":"no-sidebar","site-content-layout":"page-builder","ast-site-content-layout":"default","site-content-style":"default","site-sidebar-style":"default","ast-global-header-display":"","ast-banner-title-visibility":"","ast-main-header-display":"","ast-hfb-above-header-display":"","ast-hfb-below-header-display":"","ast-hfb-mobile-header-display":"","site-post-title":"disabled","ast-breadcrumbs-content":"","ast-featured-img":"disabled","footer-sml-layout":"","theme-transparent-header-meta":"default","adv-header-id-meta":"","stick-header-meta":"","header-above-stick-meta":"","header-main-stick-meta":"","header-below-stick-meta":"","astra-migrate-meta-layouts":"default","ast-page-background-enabled":"default","ast-page-background-meta":{"desktop":{"background-color":"","background-image":"","background-repeat":"repeat","background-position":"center center","background-size":"auto","background-attachment":"scroll","background-type":"","background-media":"","overlay-type":"","overlay-color":"","overlay-opacity":"","overlay-gradient":""},"tablet":{"background-color":"","background-image":"","background-repeat":"repeat","background-position":"center center","background-size":"auto","background-attachment":"scroll","background-type":"","background-media":"","overlay-type":"","overlay-color":"","overlay-opacity":"","overlay-gradient":""},"mobile":{"background-color":"","background-image":"","background-repeat":"repeat","background-position":"center center","background-size":"auto","background-attachment":"scroll","background-type":"","background-media":"","overlay-type":"","overlay-color":"","overlay-opacity":"","overlay-gradient":""}},"ast-content-background-meta":{"desktop":{"background-color":"var(--ast-global-color-5)","background-image":"","background-repeat":"repeat","background-position":"center center","background-size":"auto","background-attachment":"scroll","background-type":"","background-media":"","overlay-type":"","overlay-color":"","overlay-opacity":"","overlay-gradient":""},"tablet":{"background-color":"var(--ast-global-color-5)","background-image":"","background-repeat":"repeat","background-position":"center center","background-size":"auto","background-attachment":"scroll","background-type":"","background-media":"","overlay-type":"","overlay-color":"","overlay-opacity":"","overlay-gradient":""},"mobile":{"background-color":"var(--ast-global-color-5)","background-image":"","background-repeat":"repeat","background-position":"center center","background-size":"auto","background-attachment":"scroll","background-type":"","background-media":"","overlay-type":"","overlay-color":"","overlay-opacity":"","overlay-gradient":""}},"footnotes":""},"class_list":["post-16782","page","type-page","status-publish","hentry"],"aioseo_notices":[],"_links":{"self":[{"href":"https:\/\/bestdorestates.com\/es\/wp-json\/wp\/v2\/pages\/16782","targetHints":{"allow":["GET"]}}],"collection":[{"href":"https:\/\/bestdorestates.com\/es\/wp-json\/wp\/v2\/pages"}],"about":[{"href":"https:\/\/bestdorestates.com\/es\/wp-json\/wp\/v2\/types\/page"}],"author":[{"embeddable":true,"href":"https:\/\/bestdorestates.com\/es\/wp-json\/wp\/v2\/users\/1"}],"replies":[{"embeddable":true,"href":"https:\/\/bestdorestates.com\/es\/wp-json\/wp\/v2\/comments?post=16782"}],"version-history":[{"count":1,"href":"https:\/\/bestdorestates.com\/es\/wp-json\/wp\/v2\/pages\/16782\/revisions"}],"predecessor-version":[{"id":16783,"href":"https:\/\/bestdorestates.com\/es\/wp-json\/wp\/v2\/pages\/16782\/revisions\/16783"}],"wp:attachment":[{"href":"https:\/\/bestdorestates.com\/es\/wp-json\/wp\/v2\/media?parent=16782"}],"curies":[{"name":"wp","href":"https:\/\/api.w.org\/{rel}","templated":true}]}}